{"id":5749,"date":"2020-11-19T17:47:19","date_gmt":"2020-11-19T16:47:19","guid":{"rendered":"https:\/\/www.otto-keller.de\/wissenswertes\/"},"modified":"2023-11-06T18:08:23","modified_gmt":"2023-11-06T17:08:23","slug":"interesting-facts","status":"publish","type":"page","link":"https:\/\/www.otto-keller.de\/en\/interesting-facts\/","title":{"rendered":"Interesting facts"},"content":{"rendered":"<p>[et_pb_section fb_built=&#8221;1&#8243; _builder_version=&#8221;4.16&#8243; _module_preset=&#8221;default&#8221; custom_padding=&#8221;0px|||||&#8221; global_colors_info=&#8221;{}&#8221;][et_pb_row module_class=&#8221;header ganz weiss&#8221; _builder_version=&#8221;4.16&#8243; _module_preset=&#8221;default&#8221; width=&#8221;100%&#8221; max_width=&#8221;100%&#8221; custom_padding=&#8221;0px||||false|false&#8221; global_colors_info=&#8221;{}&#8221;][et_pb_column type=&#8221;4_4&#8243; _builder_version=&#8221;4.16&#8243; _module_preset=&#8221;default&#8221; global_colors_info=&#8221;{}&#8221;][et_pb_cta module_class=&#8221;bildmittext&#8221; _builder_version=&#8221;4.16&#8243; _module_preset=&#8221;default&#8221; background_enable_color=&#8221;off&#8221; background_image=&#8221;https:\/\/www.otto-keller.de\/wp-content\/uploads\/2020\/12\/01_Otto_Keller_daunen_federn.jpg&#8221; background_enable_video_mp4=&#8221;off&#8221; global_colors_info=&#8221;{}&#8221; transform_styles__hover_enabled=&#8221;on|hover&#8221; transform_scale__hover_enabled=&#8221;on|hover&#8221; transform_translate__hover_enabled=&#8221;on|desktop&#8221; transform_rotate__hover_enabled=&#8221;on|desktop&#8221; transform_skew__hover_enabled=&#8221;on|desktop&#8221; transform_origin__hover_enabled=&#8221;on|desktop&#8221;]<\/p>\n<p style=\"text-align: left;\">Down &#038; Feathers<\/p>\n<p style=\"text-align: left;\"><span>A magical<br \/>\nnatural product<\/p>\n<p>[\/et_pb_cta][et_pb_code _builder_version=&#8221;4.23&#8243; _module_preset=&#8221;default&#8221; hover_enabled=&#8221;0&#8243; global_colors_info=&#8221;{}&#8221; sticky_enabled=&#8221;0&#8243;]\n    <div id=\"leftankermenu\" class='leftmenu'>\n        <ul>\n                            <li class=\"leftmenu_item active\" id=\"menuitem-daunenfedern\" data-id='daunenfedern'  onclick=\"setActive(this)\" >\n                    <a href='#daunenfedern' onclick=\"setActive(this)\">Down & feathers<\/a>\n                <\/li>\n                            <li class=\"leftmenu_item \" id=\"menuitem-inlett\" data-id='inlett'  onclick=\"setActive(this)\" >\n                    <a href='#inlett' onclick=\"setActive(this)\">Ticking<\/a>\n                <\/li>\n                            <li class=\"leftmenu_item \" id=\"menuitem-allergiker\" data-id='allergiker'  onclick=\"setActive(this)\" >\n                    <a href='#allergiker' onclick=\"setActive(this)\">Allergy sufferers<\/a>\n                <\/li>\n                            <li class=\"leftmenu_item \" id=\"menuitem-waschmittel\" data-id='waschmittel'  onclick=\"setActive(this)\" >\n                    <a href='#waschmittel' onclick=\"setActive(this)\">Detergents<\/a>\n                <\/li>\n                    <\/ul>\n    <\/div>\n\n    <script type=\"text\/javascript\">\n        var menupageids = [];\n\n        function op_sidebar_menu_script() {\n            menupageids.forEach(function(id){\n                try{\n                    if(document.getElementById(id).getBoundingClientRect().top < 1200){\n                        setActive(document.getElementById(\"menuitem-\"+id));\n                    }\n                }catch(e){}\n            });\n        }\n\n        function sidebarMenu_init(){\n            let menuli = document.getElementById(\"leftankermenu\").children[0].children;\n            for(let i = 0; i < menuli.length; i++){\n                menupageids.push(menuli[i].dataset.id);\n            }\n        }\n        sidebarMenu_init();\n\n        function setActive(element){\n\t\t\t\/*var menuitems = document.querySelectorAll(\".leftmenu_item\");\n\t\t\tconsole.log(menuitems);\n\t\t\tmenuitems.forEach((el, index entireList) => {\n\t\t\t\tel.classList.remove(\"active\");\n\t\t\t});*\/\n\t\t\tconsole.log(\"funktioniert\");\n\t\t\tArray.from(document.querySelectorAll(\".leftmenu_item\")).forEach(\n\t\t\t\t(el) => el.classList.remove(\"active\")\n\t\t\t);\n            \/*let menuli = document.getElementById(\"leftankermenu\").children[0].children;\n            for(let i = 0; i < menuli.length; i++){\n                menuli[i].classList.remove(\"active\");\n            }*\/\n\t\t\telement.parentNode.classList.add(\"active\");\n            \/*element.classList.add(\"active\");*\/\n        }\n    <\/script>\n\n    [\/et_pb_code][\/et_pb_column][\/et_pb_row][et_pb_row module_id=&#8221;daunenfedern&#8221; module_class=&#8221;text&#8221; _builder_version=&#8221;4.16&#8243; _module_preset=&#8221;default&#8221; global_colors_info=&#8221;{}&#8221;][et_pb_column type=&#8221;4_4&#8243; _builder_version=&#8221;4.16&#8243; _module_preset=&#8221;default&#8221; global_colors_info=&#8221;{}&#8221;][et_pb_text module_id=&#8221;df&#8221; module_class=&#8221;ueberschrift&#8221; _builder_version=&#8221;4.16&#8243; _module_preset=&#8221;default&#8221; global_colors_info=&#8221;{}&#8221;]<\/p>\n<h1>Down and feathers<\/h1>\n<p>[\/et_pb_text][et_pb_text _builder_version=&#8221;4.16&#8243; _module_preset=&#8221;default&#8221; global_colors_info=&#8221;{}&#8221;]<\/p>\n<p>Down is a natural product made from the warming protective feathers of water fowl. Thanks to its three-dimensional, elastic structure, down can trap a lot of air, which makes it an enormously powerful storer of heat. Visually, down resembles a fine snowflake, and it is just as light at 1\u20132 milligrams. About one million pieces of down are required for one kilogram of filling material. The larger the pieces of down, the higher their fill power, i.e. their effectiveness in terms of thermal insulation.<\/p>\n<p>Down and feather plumage give geese and ducks ideal protection against the cold. Many of the good properties of down and feathers that are important outdoors in nature can be transferred to their use in bedrooms at home. For example, they are able to absorb moisture and dissipate it into the ambient air like no other material. Their resilience makes them extremely durable \u2013 while ensuring the highest degree of softness and snugness. In addition, down and feathers are easy to clean and can be washed at up to 60\u00b0C. On top of that, ours are fundamentally suitable for allergy sufferers (NOMITE) and are ecologically tested (Standard 100 by OEKO-TEX).<\/p>\n<p>Daunen- und Federkleider geben G\u00e4nsen und Enten einen idealen K\u00e4lteschutz. Viele der guten Eigenschaften von Daunen und Federn, die drau\u00dfen in der Natur wichtig sind, lassen sich auf ihren Gebrauch in heimischen Schlafzimmern \u00fcbertragen. Zum Beispiel gelingt es ihnen wie keinem anderen Material, Feuchtigkeit aufzunehmen und in die Raumluft ableiten. Ihre Bauschelastizit\u00e4t macht sie extrem belastbar \u2013 bei h\u00f6chster Weichheit und Anschmiegsamkeit. Zudem sind Daunen und Federn pflegeleicht und lassen sich bei bis zu 60 \u00b0C waschen. Unsere sind obendrein grunds\u00e4tzlich f\u00fcr Allergiker geeignet (NOMITE) und \u00f6kologisch getestet (Standard 100 by OEKO-TEX).<\/p>\n<p>[\/et_pb_text][\/et_pb_column][\/et_pb_row][et_pb_row module_class=&#8221;text&#8221; _builder_version=&#8221;4.16&#8243; _module_preset=&#8221;default&#8221; global_colors_info=&#8221;{}&#8221;][et_pb_column type=&#8221;4_4&#8243; _builder_version=&#8221;4.16&#8243; _module_preset=&#8221;default&#8221; global_colors_info=&#8221;{}&#8221;][et_pb_image src=&#8221;https:\/\/www.otto-keller.de\/wp-content\/uploads\/2020\/12\/190620_OttoKeller_Header_Decken_0190_web.jpg&#8221; align=&#8221;center&#8221; _builder_version=&#8221;4.16&#8243; _module_preset=&#8221;default&#8221; global_colors_info=&#8221;{}&#8221;][\/et_pb_image][\/et_pb_column][\/et_pb_row][et_pb_row module_id=&#8221;inlett&#8221; module_class=&#8221;text&#8221; _builder_version=&#8221;4.16&#8243; _module_preset=&#8221;default&#8221; global_colors_info=&#8221;{}&#8221;][et_pb_column type=&#8221;4_4&#8243; _builder_version=&#8221;4.16&#8243; _module_preset=&#8221;default&#8221; global_colors_info=&#8221;{}&#8221;][et_pb_text module_id=&#8221;inlett&#8221; module_class=&#8221;ueberschrift&#8221; _builder_version=&#8221;4.16&#8243; _module_preset=&#8221;default&#8221; global_colors_info=&#8221;{}&#8221;]<\/p>\n<h2>Ticking<\/h2>\n<p>[\/et_pb_text][et_pb_text _builder_version=&#8221;4.16&#8243; _module_preset=&#8221;default&#8221; global_colors_info=&#8221;{}&#8221;]<\/p>\n<p>In addition to the fillings, the quality of bedding depends largely on the quality of its covers.<\/p>\n<p>These need to be permeable to air in order to promote the transport of moisture and respiration while they must always be down- and feather-proof. Even the thinnest quills should never pierce through the appropriately woven and processed cotton shell.<\/p>\n<p>In addition, all shells that we produce are guaranteed to be colourfast, washable, resistant to perspiration, friction and light, and tested for the best possible skin compatibility. All our duvet and cushion covers are made of 100% high-quality, long-staple cotton, and fine yet durable yarns.<\/p>\n<p>[\/et_pb_text][\/et_pb_column][\/et_pb_row][et_pb_row module_class=&#8221;ganz&#8221; _builder_version=&#8221;4.16&#8243; _module_preset=&#8221;default&#8221; width=&#8221;100%&#8221; max_width=&#8221;100%&#8221; global_colors_info=&#8221;{}&#8221;][et_pb_column type=&#8221;4_4&#8243; _builder_version=&#8221;4.16&#8243; _module_preset=&#8221;default&#8221; global_colors_info=&#8221;{}&#8221;][et_pb_cta module_class=&#8221;bildmittext&#8221; _builder_version=&#8221;4.16&#8243; _module_preset=&#8221;default&#8221; background_enable_color=&#8221;off&#8221; background_image=&#8221;https:\/\/www.otto-keller.de\/wp-content\/uploads\/2020\/12\/03_Otto_Keller_Allergy_QF.jpg&#8221; global_colors_info=&#8221;{}&#8221; transform_styles__hover_enabled=&#8221;on|hover&#8221; transform_scale__hover_enabled=&#8221;on|hover&#8221; transform_translate__hover_enabled=&#8221;on|desktop&#8221; transform_rotate__hover_enabled=&#8221;on|desktop&#8221; transform_skew__hover_enabled=&#8221;on|desktop&#8221; transform_origin__hover_enabled=&#8221;on|desktop&#8221;][\/et_pb_cta][\/et_pb_column][\/et_pb_row][et_pb_row module_id=&#8221;allergiker&#8221; module_class=&#8221;text&#8221; _builder_version=&#8221;4.16&#8243; _module_preset=&#8221;default&#8221; global_colors_info=&#8221;{}&#8221;][et_pb_column type=&#8221;4_4&#8243; _builder_version=&#8221;4.16&#8243; _module_preset=&#8221;default&#8221; global_colors_info=&#8221;{}&#8221;][et_pb_text module_id=&#8221;allergiker&#8221; module_class=&#8221;ueberschrift&#8221; _builder_version=&#8221;4.16&#8243; _module_preset=&#8221;default&#8221; global_colors_info=&#8221;{}&#8221;]<\/p>\n<h2>Allergy sufferers<\/h2>\n<p>[\/et_pb_text][et_pb_text _builder_version=&#8221;4.16&#8243; _module_preset=&#8221;default&#8221; global_colors_info=&#8221;{}&#8221;]<\/p>\n<p>All bedding products we produce are suitable for house-dust allergy sufferers.<\/p>\n<p>A house-dust allergy is triggered by inhalation of allergens found in secretions from dust mites. Studies from the University of Kiel and Frankfurt and the Wellington School of Medicine in New Zealand show that dust mites are virtually not found in down- and feather-filled bedding. Due to the heat during use and the rapid dissipation of moisture during ventilation, they are not an appropriate habitat for moisture-dependent dust mites.<\/p>\n<p>Our down duvets and pillows also come with very densely woven covers, whose effectiveness as a barrier to mites is confirmed by the independent testing organisation Wessling. All in all, down- and feather-filled bedding \u2013 contrary to popular belief \u2013 is especially suitable for allergy sufferers and ensures pleasant, absolutely allergy-free sleeping conditions.<\/p>\n<p>[\/et_pb_text][\/et_pb_column][\/et_pb_row][et_pb_row module_id=&#8221;waschmittel&#8221; module_class=&#8221;ganz&#8221; _builder_version=&#8221;4.16&#8243; _module_preset=&#8221;default&#8221; width=&#8221;100%&#8221; max_width=&#8221;100%&#8221; global_colors_info=&#8221;{}&#8221;][et_pb_column type=&#8221;4_4&#8243; _builder_version=&#8221;4.16&#8243; _module_preset=&#8221;default&#8221; global_colors_info=&#8221;{}&#8221;][et_pb_cta module_class=&#8221;bildmittext&#8221; _builder_version=&#8221;4.16&#8243; _module_preset=&#8221;default&#8221; background_enable_color=&#8221;off&#8221; background_image=&#8221;https:\/\/www.otto-keller.de\/wp-content\/uploads\/2020\/12\/05_Otto_Keller_laundry_detergent_QF.jpg&#8221; global_colors_info=&#8221;{}&#8221; transform_styles__hover_enabled=&#8221;on|hover&#8221; transform_scale__hover_enabled=&#8221;on|hover&#8221; transform_translate__hover_enabled=&#8221;on|desktop&#8221; transform_rotate__hover_enabled=&#8221;on|desktop&#8221; transform_skew__hover_enabled=&#8221;on|desktop&#8221; transform_origin__hover_enabled=&#8221;on|desktop&#8221;][\/et_pb_cta][\/et_pb_column][\/et_pb_row][et_pb_row module_class=&#8221;text&#8221; _builder_version=&#8221;4.16&#8243; _module_preset=&#8221;default&#8221; global_colors_info=&#8221;{}&#8221;][et_pb_column type=&#8221;4_4&#8243; _builder_version=&#8221;4.16&#8243; _module_preset=&#8221;default&#8221; global_colors_info=&#8221;{}&#8221;][et_pb_text module_id=&#8221;waschmittel&#8221; module_class=&#8221;ueberschrift&#8221; _builder_version=&#8221;4.16&#8243; _module_preset=&#8221;default&#8221; global_colors_info=&#8221;{}&#8221;]<\/p>\n<h2>Laundry detergent<\/h2>\n<p>[\/et_pb_text][et_pb_text _builder_version=&#8221;4.16&#8243; _module_preset=&#8221;default&#8221; global_colors_info=&#8221;{}&#8221;]<\/p>\n<p>For the sake of long-term cosiness and cleanliness, we developed the detergent Dauni.<\/p>\n<p>It is based on 100% sustainable surfactants from wheat, maize and potato starch. Dauni is phosphate-free, pH-neutral, ecologically harmless and does not require optical brighteners.<\/p>\n<p>[\/et_pb_text][\/et_pb_column][\/et_pb_row][et_pb_row column_structure=&#8221;1_5,3_5,1_5&#8243; module_class=&#8221;ansprechpartner&#8221; _builder_version=&#8221;4.16&#8243; _module_preset=&#8221;default&#8221; global_colors_info=&#8221;{}&#8221;][et_pb_column type=&#8221;1_5&#8243; _builder_version=&#8221;4.16&#8243; _module_preset=&#8221;default&#8221; global_colors_info=&#8221;{}&#8221;][\/et_pb_column][et_pb_column type=&#8221;3_5&#8243; _builder_version=&#8221;4.16&#8243; _module_preset=&#8221;default&#8221; global_colors_info=&#8221;{}&#8221;][et_pb_team_member name=&#8221;Contact&#8221; image_url=&#8221;https:\/\/www.otto-keller.de\/wp-content\/uploads\/2020\/12\/191029_OK_Mitarbeiter_Prtraits_Web_3.jpg&#8221; module_class=&#8221;kleinesbild&#8221; _builder_version=&#8221;4.16&#8243; _module_preset=&#8221;default&#8221; header_level=&#8221;h2&#8243; border_radii_image=&#8221;on|50%|50%|50%|50%&#8221; global_colors_info=&#8221;{}&#8221;]<\/p>\n<p>You can reach us easily by phone from Mon-Fri 8:00 am to 4:30 pm. We are happy to answer your questions.<\/p>\n<p>T:\u00a0+49 (0) 2505 9337-0<br \/> F: +49 (0) 2505 9337-77<br \/> M: <a href=\"mailto:info@otto-keller.de\">info@otto-keller.de<\/a><\/p>\n<p>[\/et_pb_team_member][\/et_pb_column][et_pb_column type=&#8221;1_5&#8243; _builder_version=&#8221;4.16&#8243; _module_preset=&#8221;default&#8221; global_colors_info=&#8221;{}&#8221;][\/et_pb_column][\/et_pb_row][\/et_pb_section]<\/p>\n","protected":false},"excerpt":{"rendered":"<p>Down &#038; Feathers A magical natural product\n    <div id=\"leftankermenu\" class='leftmenu'>\n        <ul>\n                            <li class=\"leftmenu_item active\" id=\"menuitem-daunenfedern\" data-id='daunenfedern'  onclick=\"setActive(this)\" >\n                    <a href='#daunenfedern' onclick=\"setActive(this)\">Down &#038; feathers<\/a>\n                <\/li>\n                            <li class=\"leftmenu_item \" id=\"menuitem-inlett\" data-id='inlett'  onclick=\"setActive(this)\" >\n                    <a href='#inlett' onclick=\"setActive(this)\">Ticking<\/a>\n                <\/li>\n                            <li class=\"leftmenu_item \" id=\"menuitem-allergiker\" data-id='allergiker'  onclick=\"setActive(this)\" >\n                    <a href='#allergiker' onclick=\"setActive(this)\">Allergy sufferers<\/a>\n                <\/li>\n                            <li class=\"leftmenu_item \" id=\"menuitem-waschmittel\" data-id='waschmittel'  onclick=\"setActive(this)\" >\n                    <a href='#waschmittel' onclick=\"setActive(this)\">Detergents<\/a>\n                <\/li>\n                    <\/ul>\n    <\/div>\n\n    <script type=\"text\/javascript\">\n        var menupageids = [];\n\n        function op_sidebar_menu_script() {\n            menupageids.forEach(function(id){\n                try{\n                    if(document.getElementById(id).getBoundingClientRect().top < 1200){\n                        setActive(document.getElementById(\"menuitem-\"+id));\n                    }\n                }catch(e){}\n            });\n        }\n\n        function sidebarMenu_init(){\n            let menuli = document.getElementById(\"leftankermenu\").children[0].children;\n            for(let i = 0; i < menuli.length; i++){\n                menupageids.push(menuli[i].dataset.id);\n            }\n        }\n        sidebarMenu_init();\n\n        function setActive(element){\n\t\t\t\/*var menuitems = document.querySelectorAll(\".leftmenu_item\");\n\t\t\tconsole.log(menuitems);\n\t\t\tmenuitems.forEach((el, index entireList) => {\n\t\t\t\tel.classList.remove(\"active\");\n\t\t\t});*\/\n\t\t\tconsole.log(\"funktioniert\");\n\t\t\tArray.from(document.querySelectorAll(\".leftmenu_item\")).forEach(\n\t\t\t\t(el) => el.classList.remove(\"active\")\n\t\t\t);\n            \/*let menuli = document.getElementById(\"leftankermenu\").children[0].children;\n            for(let i = 0; i < menuli.length; i++){\n                menuli[i].classList.remove(\"active\");\n            }*\/\n\t\t\telement.parentNode.classList.add(\"active\");\n            \/*element.classList.add(\"active\");*\/\n        }\n    <\/script>\n\n    Down and feathersDown is a natural product made from the warming protective feathers of water fowl. Thanks to its three-dimensional, elastic structure, down can trap a lot of air, which makes it an enormously powerful storer of heat. Visually, down resembles a fine snowflake, and it is [&hellip;]<\/p>\n","protected":false},"author":1,"featured_media":0,"parent":0,"menu_order":0,"comment_status":"closed","ping_status":"closed","template":"","meta":{"_et_pb_use_builder":"on","_et_pb_old_content":"","_et_gb_content_width":"","inline_featured_image":false,"footnotes":""},"class_list":["post-5749","page","type-page","status-publish","hentry"],"yoast_head":"<!-- This site is optimized with the Yoast SEO plugin v26.6 - https:\/\/yoast.com\/wordpress\/plugins\/seo\/ -->\n<title>Find out more about our down-filled bedding!<\/title>\n<meta name=\"description\" content=\"You want to find out more about the manufacture, the filling of our pillows or the cleaning of our products | Here you can find more information!\" \/>\n<meta name=\"robots\" content=\"index, follow, max-snippet:-1, max-image-preview:large, max-video-preview:-1\" \/>\n<link rel=\"canonical\" href=\"https:\/\/www.otto-keller.de\/en\/interesting-facts\/\" \/>\n<meta property=\"og:locale\" content=\"en_US\" \/>\n<meta property=\"og:type\" content=\"article\" \/>\n<meta property=\"og:title\" content=\"Find out more about our down-filled bedding!\" \/>\n<meta property=\"og:description\" content=\"You want to find out more about the manufacture, the filling of our pillows or the cleaning of our products | Here you can find more information!\" \/>\n<meta property=\"og:url\" content=\"https:\/\/www.otto-keller.de\/en\/interesting-facts\/\" \/>\n<meta property=\"og:site_name\" content=\"otto-keller.de\" \/>\n<meta property=\"article:modified_time\" content=\"2023-11-06T17:08:23+00:00\" \/>\n<meta property=\"og:image\" content=\"https:\/\/www.otto-keller.de\/wp-content\/uploads\/2021\/01\/otto-keller-og-image.jpg\" \/>\n\t<meta property=\"og:image:width\" content=\"1200\" \/>\n\t<meta property=\"og:image:height\" content=\"1200\" \/>\n\t<meta property=\"og:image:type\" content=\"image\/jpeg\" \/>\n<meta name=\"twitter:card\" content=\"summary_large_image\" \/>\n<meta name=\"twitter:label1\" content=\"Est. reading time\" \/>\n\t<meta name=\"twitter:data1\" content=\"4 minutes\" \/>\n<script type=\"application\/ld+json\" class=\"yoast-schema-graph\">{\"@context\":\"https:\/\/schema.org\",\"@graph\":[{\"@type\":\"WebPage\",\"@id\":\"https:\/\/www.otto-keller.de\/en\/interesting-facts\/\",\"url\":\"https:\/\/www.otto-keller.de\/en\/interesting-facts\/\",\"name\":\"Find out more about our down-filled bedding!\",\"isPartOf\":{\"@id\":\"https:\/\/www.otto-keller.de\/en\/#website\"},\"datePublished\":\"2020-11-19T16:47:19+00:00\",\"dateModified\":\"2023-11-06T17:08:23+00:00\",\"description\":\"You want to find out more about the manufacture, the filling of our pillows or the cleaning of our products | Here you can find more information!\",\"breadcrumb\":{\"@id\":\"https:\/\/www.otto-keller.de\/en\/interesting-facts\/#breadcrumb\"},\"inLanguage\":\"en-US\",\"potentialAction\":[{\"@type\":\"ReadAction\",\"target\":[\"https:\/\/www.otto-keller.de\/en\/interesting-facts\/\"]}]},{\"@type\":\"BreadcrumbList\",\"@id\":\"https:\/\/www.otto-keller.de\/en\/interesting-facts\/#breadcrumb\",\"itemListElement\":[{\"@type\":\"ListItem\",\"position\":1,\"name\":\"Startseite\",\"item\":\"https:\/\/www.otto-keller.de\/en\/\"},{\"@type\":\"ListItem\",\"position\":2,\"name\":\"Interesting facts\"}]},{\"@type\":\"WebSite\",\"@id\":\"https:\/\/www.otto-keller.de\/en\/#website\",\"url\":\"https:\/\/www.otto-keller.de\/en\/\",\"name\":\"otto-keller.de\",\"description\":\"Hochwertige Feder- und Daunendecken\",\"publisher\":{\"@id\":\"https:\/\/www.otto-keller.de\/en\/#organization\"},\"potentialAction\":[{\"@type\":\"SearchAction\",\"target\":{\"@type\":\"EntryPoint\",\"urlTemplate\":\"https:\/\/www.otto-keller.de\/en\/?s={search_term_string}\"},\"query-input\":{\"@type\":\"PropertyValueSpecification\",\"valueRequired\":true,\"valueName\":\"search_term_string\"}}],\"inLanguage\":\"en-US\"},{\"@type\":\"Organization\",\"@id\":\"https:\/\/www.otto-keller.de\/en\/#organization\",\"name\":\"Bettfedernfabrik Otto Keller GmbH & Co. KG\",\"url\":\"https:\/\/www.otto-keller.de\/en\/\",\"logo\":{\"@type\":\"ImageObject\",\"inLanguage\":\"en-US\",\"@id\":\"https:\/\/www.otto-keller.de\/en\/#\/schema\/logo\/image\/\",\"url\":\"https:\/\/www.otto-keller.de\/wp-content\/uploads\/2021\/01\/otto_keller_logo_rgb_schwarz.svg\",\"contentUrl\":\"https:\/\/www.otto-keller.de\/wp-content\/uploads\/2021\/01\/otto_keller_logo_rgb_schwarz.svg\",\"width\":1,\"height\":1,\"caption\":\"Bettfedernfabrik Otto Keller GmbH & Co. KG\"},\"image\":{\"@id\":\"https:\/\/www.otto-keller.de\/en\/#\/schema\/logo\/image\/\"}}]}<\/script>\n<!-- \/ Yoast SEO plugin. -->","yoast_head_json":{"title":"Find out more about our down-filled bedding!","description":"You want to find out more about the manufacture, the filling of our pillows or the cleaning of our products | Here you can find more information!","robots":{"index":"index","follow":"follow","max-snippet":"max-snippet:-1","max-image-preview":"max-image-preview:large","max-video-preview":"max-video-preview:-1"},"canonical":"https:\/\/www.otto-keller.de\/en\/interesting-facts\/","og_locale":"en_US","og_type":"article","og_title":"Find out more about our down-filled bedding!","og_description":"You want to find out more about the manufacture, the filling of our pillows or the cleaning of our products | Here you can find more information!","og_url":"https:\/\/www.otto-keller.de\/en\/interesting-facts\/","og_site_name":"otto-keller.de","article_modified_time":"2023-11-06T17:08:23+00:00","og_image":[{"width":1200,"height":1200,"url":"https:\/\/www.otto-keller.de\/wp-content\/uploads\/2021\/01\/otto-keller-og-image.jpg","type":"image\/jpeg"}],"twitter_card":"summary_large_image","twitter_misc":{"Est. reading time":"4 minutes"},"schema":{"@context":"https:\/\/schema.org","@graph":[{"@type":"WebPage","@id":"https:\/\/www.otto-keller.de\/en\/interesting-facts\/","url":"https:\/\/www.otto-keller.de\/en\/interesting-facts\/","name":"Find out more about our down-filled bedding!","isPartOf":{"@id":"https:\/\/www.otto-keller.de\/en\/#website"},"datePublished":"2020-11-19T16:47:19+00:00","dateModified":"2023-11-06T17:08:23+00:00","description":"You want to find out more about the manufacture, the filling of our pillows or the cleaning of our products | Here you can find more information!","breadcrumb":{"@id":"https:\/\/www.otto-keller.de\/en\/interesting-facts\/#breadcrumb"},"inLanguage":"en-US","potentialAction":[{"@type":"ReadAction","target":["https:\/\/www.otto-keller.de\/en\/interesting-facts\/"]}]},{"@type":"BreadcrumbList","@id":"https:\/\/www.otto-keller.de\/en\/interesting-facts\/#breadcrumb","itemListElement":[{"@type":"ListItem","position":1,"name":"Startseite","item":"https:\/\/www.otto-keller.de\/en\/"},{"@type":"ListItem","position":2,"name":"Interesting facts"}]},{"@type":"WebSite","@id":"https:\/\/www.otto-keller.de\/en\/#website","url":"https:\/\/www.otto-keller.de\/en\/","name":"otto-keller.de","description":"Hochwertige Feder- und Daunendecken","publisher":{"@id":"https:\/\/www.otto-keller.de\/en\/#organization"},"potentialAction":[{"@type":"SearchAction","target":{"@type":"EntryPoint","urlTemplate":"https:\/\/www.otto-keller.de\/en\/?s={search_term_string}"},"query-input":{"@type":"PropertyValueSpecification","valueRequired":true,"valueName":"search_term_string"}}],"inLanguage":"en-US"},{"@type":"Organization","@id":"https:\/\/www.otto-keller.de\/en\/#organization","name":"Bettfedernfabrik Otto Keller GmbH & Co. KG","url":"https:\/\/www.otto-keller.de\/en\/","logo":{"@type":"ImageObject","inLanguage":"en-US","@id":"https:\/\/www.otto-keller.de\/en\/#\/schema\/logo\/image\/","url":"https:\/\/www.otto-keller.de\/wp-content\/uploads\/2021\/01\/otto_keller_logo_rgb_schwarz.svg","contentUrl":"https:\/\/www.otto-keller.de\/wp-content\/uploads\/2021\/01\/otto_keller_logo_rgb_schwarz.svg","width":1,"height":1,"caption":"Bettfedernfabrik Otto Keller GmbH & Co. KG"},"image":{"@id":"https:\/\/www.otto-keller.de\/en\/#\/schema\/logo\/image\/"}}]}},"_links":{"self":[{"href":"https:\/\/www.otto-keller.de\/en\/wp-json\/wp\/v2\/pages\/5749","targetHints":{"allow":["GET"]}}],"collection":[{"href":"https:\/\/www.otto-keller.de\/en\/wp-json\/wp\/v2\/pages"}],"about":[{"href":"https:\/\/www.otto-keller.de\/en\/wp-json\/wp\/v2\/types\/page"}],"author":[{"embeddable":true,"href":"https:\/\/www.otto-keller.de\/en\/wp-json\/wp\/v2\/users\/1"}],"replies":[{"embeddable":true,"href":"https:\/\/www.otto-keller.de\/en\/wp-json\/wp\/v2\/comments?post=5749"}],"version-history":[{"count":0,"href":"https:\/\/www.otto-keller.de\/en\/wp-json\/wp\/v2\/pages\/5749\/revisions"}],"wp:attachment":[{"href":"https:\/\/www.otto-keller.de\/en\/wp-json\/wp\/v2\/media?parent=5749"}],"curies":[{"name":"wp","href":"https:\/\/api.w.org\/{rel}","templated":true}]}}